{"id":412,"date":"2025-04-05T14:58:19","date_gmt":"2025-04-05T14:58:19","guid":{"rendered":"https:\/\/emaesthetic.tr\/aracilik-edilen-hizmetler\/"},"modified":"2025-04-10T15:40:54","modified_gmt":"2025-04-10T15:40:54","slug":"vermittelte-dienstleistungen","status":"publish","type":"page","link":"https:\/\/emaesthetic.tr\/de\/vermittelte-dienstleistungen\/","title":{"rendered":"Vermittelte Dienstleistungen"},"content":{"rendered":"\t\t<div data-elementor-type=\"wp-page\" data-elementor-id=\"412\" class=\"elementor elementor-412 elementor-204\">\n\t\t\t\t<div class=\"elementor-element elementor-element-62a0eee6 e-flex e-con-boxed e-con e-parent\" data-id=\"62a0eee6\" data-element_type=\"container\" data-e-type=\"container\" data-settings=\"{&quot;background_background&quot;:&quot;gradient&quot;,&quot;shape_divider_bottom&quot;:&quot;tilt&quot;}\">\n\t\t\t\t\t<div class=\"e-con-inner\">\n\t\t\t\t<div class=\"elementor-shape elementor-shape-bottom\" aria-hidden=\"true\" data-negative=\"false\">\n\t\t\t<svg xmlns=\"http:\/\/www.w3.org\/2000\/svg\" viewBox=\"0 0 1000 100\" preserveAspectRatio=\"none\">\n\t<path class=\"elementor-shape-fill\" d=\"M0,6V0h1000v100L0,6z\"\/>\n<\/svg>\t\t<\/div>\n\t\t\t\t<div class=\"elementor-element elementor-element-3dc93af7 elementor-widget elementor-widget-heading\" data-id=\"3dc93af7\" data-element_type=\"widget\" data-e-type=\"widget\" data-widget_type=\"heading.default\">\n\t\t\t\t<div class=\"elementor-widget-container\">\n\t\t\t\t\t<h2 class=\"elementor-heading-title elementor-size-default\">Vermittelte Dienstleistungen<\/h2>\t\t\t\t<\/div>\n\t\t\t\t<\/div>\n\t\t\t\t\t<\/div>\n\t\t\t\t<\/div>\n\t\t<div class=\"elementor-element elementor-element-58e46d4e e-flex e-con-boxed e-con e-parent\" data-id=\"58e46d4e\" data-element_type=\"container\" data-e-type=\"container\">\n\t\t\t\t\t<div class=\"e-con-inner\">\n\t\t<div class=\"elementor-element elementor-element-748e7c86 e-con-full e-flex e-con e-child\" data-id=\"748e7c86\" data-element_type=\"container\" data-e-type=\"container\">\n\t\t<div class=\"elementor-element elementor-element-5acd7722 e-con-full e-flex e-con e-child\" data-id=\"5acd7722\" data-element_type=\"container\" data-e-type=\"container\">\n\t\t\t\t<div class=\"elementor-element elementor-element-77d7fc25 elementor-widget elementor-widget-text-editor\" data-id=\"77d7fc25\" data-element_type=\"widget\" data-e-type=\"widget\" data-widget_type=\"text-editor.default\">\n\t\t\t\t<div class=\"elementor-widget-container\">\n\t\t\t\t\t\t\t\t\t<p>EMAesthetic ist ein Unternehmen, das in Zusammenarbeit mit vertraglich gebundenen Gesundheitseinrichtungen umfassende Patientenberatungsdienste anbietet, um auf die Bed\u00fcrfnisse des Einzelnen im Bereich der Gesundheit einzugehen. Unser Hauptziel ist es, die Gesundheitsprozesse der Patienten zu erleichtern und sicherzustellen, dass sie den besten Service in den von ihnen ben\u00f6tigten Fachbereichen erhalten.<\/p><p>Als EMAesthetic bieten wir Dienstleistungen in den folgenden Bereichen an:<\/p><p><strong>Bariatrische und metabolische Chirurgie:<\/strong> In den von uns beauftragten Einrichtungen und Krankenh\u00e4usern f\u00fcr die Behandlung von Fettleibigkeit und Stoffwechselkrankheiten helfen wir unseren Kunden, ein gesundes Leben zu f\u00fchren.<\/p><p><strong>Plastische und \u00e4sthetische Chirurgie:<\/strong> In unseren Vertragsinstituten und -kliniken bieten wir Beratungsleistungen im Bereich der plastischen und \u00e4sthetischen Chirurgie f\u00fcr Menschen mit \u00e4sthetischen Problemen an.<\/p><p><strong>Mund- und Zahngesundheit:<\/strong> Wir bieten in unseren Vertragseinrichtungen und -krankenh\u00e4usern umfassende Dienstleistungen im Bereich der Zahnheilkunde an, um ihnen ein gesundes L\u00e4cheln zu erm\u00f6glichen.<\/p><p><strong>Allgemeine Chirurgie:<\/strong> In F\u00e4llen, in denen es aus gesundheitlichen Gr\u00fcnden notwendig ist, bieten wir in unseren Vertragskrankenh\u00e4usern und -institutionen personalisierte Gesundheitsdienstleistungen an.<\/p><p>EMAesthetic bietet seinen Patienten diese Dienstleistungen \u00fcber vertraglich gebundene Gesundheitseinrichtungen an. So werden die Eingriffe und Anwendungen professionell von spezialisierten Teams in den entsprechenden Krankenh\u00e4usern durchgef\u00fchrt. Unser Ziel ist es, die Patienten auf ihrem Gesundheitsweg zu begleiten und ihnen den Zugang zu geeigneten Behandlungsm\u00f6glichkeiten zu erleichtern.<\/p>\t\t\t\t\t\t\t\t<\/div>\n\t\t\t\t<\/div>\n\t\t\t\t<\/div>\n\t\t<div class=\"elementor-element elementor-element-10de1b95 e-con-full e-flex e-con e-child\" data-id=\"10de1b95\" data-element_type=\"container\" data-e-type=\"container\">\n\t\t<div class=\"elementor-element elementor-element-5dad081b e-con-full e-flex e-con e-child\" data-id=\"5dad081b\" data-element_type=\"container\" data-e-type=\"container\" data-settings=\"{&quot;background_background&quot;:&quot;classic&quot;,&quot;animation&quot;:&quot;none&quot;}\">\n\t\t\t\t<div class=\"elementor-element elementor-element-7e6edc2a elementor-widget elementor-widget-heading\" data-id=\"7e6edc2a\" data-element_type=\"widget\" data-e-type=\"widget\" data-widget_type=\"heading.default\">\n\t\t\t\t<div class=\"elementor-widget-container\">\n\t\t\t\t\t<h4 class=\"elementor-heading-title elementor-size-default\">Online-Terminvereinbarung<\/h4>\t\t\t\t<\/div>\n\t\t\t\t<\/div>\n\t\t\t\t<div class=\"elementor-element elementor-element-3bf2dd27 elementor-widget elementor-widget-rform\" data-id=\"3bf2dd27\" data-element_type=\"widget\" data-e-type=\"widget\" data-widget_type=\"rform.default\">\n\t\t\t\t<div class=\"elementor-widget-container\">\n\t\t\t\t\t            <form id=\"rform\" data-form=\"400\">\r\n                <div class=\"require-login msg\">\r\n                    <div class=\"require-msg-body\">\r\n                        <svg xmlns=\"http:\/\/www.w3.org\/2000\/svg\" width=\"35\" height=\"35\" fill=\"#FF0000\" class=\"bi bi-exclamation-circle-fill\" viewBox=\"0 0 16 16\">\r\n                            <path d=\"M16 8A8 8 0 1 1 0 8a8 8 0 0 1 16 0zM8 4a.905.905 0 0 0-.9.995l.35 3.507a.552.552 0 0 0 1.1 0l.35-3.507A.905.905 0 0 0 8 4zm.002 6a1 1 0 1 0 0 2 1 1 0 0 0 0-2z\" \/>\r\n                        <\/svg>\r\n                        <div style=\"width: 100% ;\">\r\n                            <h5>Required Login<\/h5>\r\n                            Please Login for Submit Form.\r\n                        <\/div>\r\n                        <div>\r\n                            <a type=\"button\" class=\"close-msg\">Close<\/a>\r\n                        <\/div>\r\n                    <\/div>\r\n                <\/div>\r\n                <div class=\"success-submit msg\">\r\n                    <div class=\"success-body\">\r\n                        <svg xmlns=\"http:\/\/www.w3.org\/2000\/svg\" width=\"35\" height=\"35\" fill=\"#4CAF50\" class=\"bi bi-check-circle-fill\" viewBox=\"0 0 16 16\">\r\n                            <path d=\"M16 8A8 8 0 1 1 0 8a8 8 0 0 1 16 0zm-3.97-3.03a.75.75 0 0 0-1.08.022L7.477 9.417 5.384 7.323a.75.75 0 0 0-1.06 1.06L6.97 11.03a.75.75 0 0 0 1.079-.02l3.992-4.99a.75.75 0 0 0-.01-1.05z\" \/>\r\n                        <\/svg>\r\n                        <div style=\"width: 100%;\">\r\n                            <h5>Success<\/h5>\r\n                            Dankesch\u00f6n! Das Formular wurde erfolgreich \u00fcbermittelt.                        <\/div>\r\n                        <div>\r\n                            <a type=\"button\" class=\"close-msg\">Close<\/a>\r\n                        <\/div>\r\n                    <\/div>\r\n                <\/div>\r\n                <style>.elementor-400 .elementor-element.elementor-element-5a9a544{--display:flex;--flex-direction:column;--container-widget-width:calc( ( 1 - var( --container-widget-flex-grow ) ) * 100% );--container-widget-height:initial;--container-widget-flex-grow:0;--container-widget-align-self:initial;--flex-wrap-mobile:wrap;--align-items:stretch;--gap:30px 30px;--row-gap:30px;--column-gap:30px;}.elementor-400 .elementor-element.elementor-element-7599dcc{--display:flex;--flex-direction:row;--container-widget-width:initial;--container-widget-height:100%;--container-widget-flex-grow:1;--container-widget-align-self:stretch;--flex-wrap-mobile:wrap;--justify-content:center;}.elementor-400 .elementor-element.elementor-element-0e24284{--display:flex;}.elementor-400 .elementor-element.elementor-element-a674f9b .rform-input{padding:15px 15px 15px 15px;font-family:var( --e-global-typography-text-font-family ), Sans-serif;font-size:var( --e-global-typography-text-font-size );font-weight:var( --e-global-typography-text-font-weight );line-height:var( --e-global-typography-text-line-height );border-radius:10px 10px 10px 10px;border-style:solid;border-width:1px 1px 1px 1px;}.elementor-400 .elementor-element.elementor-element-a674f9b .rform-input::placeholder{font-family:var( --e-global-typography-text-font-family ), Sans-serif;font-size:var( --e-global-typography-text-font-size );font-weight:var( --e-global-typography-text-font-weight );line-height:var( --e-global-typography-text-line-height );}.elementor-400 .elementor-element.elementor-element-a674f9b .rform-error{text-align:left;color:var( --e-global-color-245d433 );font-family:var( --e-global-typography-08d9d00-font-family ), Sans-serif;font-size:var( --e-global-typography-08d9d00-font-size );line-height:var( --e-global-typography-08d9d00-line-height );letter-spacing:var( --e-global-typography-08d9d00-letter-spacing );word-spacing:var( --e-global-typography-08d9d00-word-spacing );}.elementor-400 .elementor-element.elementor-element-12f4a37{--display:flex;}.elementor-400 .elementor-element.elementor-element-b8ce201 .rform-input-tel{padding:15px 15px 15px 15px;}.elementor-400 .elementor-element.elementor-element-b8ce201 .rform-error{text-align:left;}.elementor-400 .elementor-element.elementor-element-5ab8c3e{--display:flex;--flex-direction:row;--container-widget-width:initial;--container-widget-height:100%;--container-widget-flex-grow:1;--container-widget-align-self:stretch;--flex-wrap-mobile:wrap;--justify-content:center;}.elementor-400 .elementor-element.elementor-element-af068a9{--display:flex;}.elementor-400 .elementor-element.elementor-element-848a0ce .rform-input{padding:15px 15px 15px 15px;font-family:var( --e-global-typography-text-font-family ), Sans-serif;font-size:var( --e-global-typography-text-font-size );font-weight:var( --e-global-typography-text-font-weight );line-height:var( --e-global-typography-text-line-height );border-radius:10px 10px 10px 10px;border-style:solid;border-width:1px 1px 1px 1px;}.elementor-400 .elementor-element.elementor-element-848a0ce .rform-input::placeholder{font-family:var( --e-global-typography-text-font-family ), Sans-serif;font-size:var( --e-global-typography-text-font-size );font-weight:var( --e-global-typography-text-font-weight );line-height:var( --e-global-typography-text-line-height );}.elementor-400 .elementor-element.elementor-element-848a0ce .rform-error{text-align:left;color:var( --e-global-color-245d433 );font-family:var( --e-global-typography-08d9d00-font-family ), Sans-serif;font-size:var( --e-global-typography-08d9d00-font-size );line-height:var( --e-global-typography-08d9d00-line-height );letter-spacing:var( --e-global-typography-08d9d00-letter-spacing );word-spacing:var( --e-global-typography-08d9d00-word-spacing );}.elementor-400 .elementor-element.elementor-element-47de52d{--display:flex;}.elementor-400 .elementor-element.elementor-element-1ff0ebb .rform-input{padding:15px 15px 15px 15px;font-size:1rem;}.elementor-400 .elementor-element.elementor-element-1ff0ebb .rform-error{text-align:left;color:#DC0000;font-family:\"Libre Franklin\", Sans-serif;font-size:14px;}.elementor-400 .elementor-element.elementor-element-cfd7012 .rform-button-submit{font-family:var( --e-global-typography-accent-font-family ), Sans-serif;font-size:var( --e-global-typography-accent-font-size );font-weight:var( --e-global-typography-accent-font-weight );text-transform:var( --e-global-typography-accent-text-transform );line-height:var( --e-global-typography-accent-line-height );border-style:solid;border-width:1px 1px 1px 1px;border-color:var( --e-global-color-15d1685 );}.elementor-400 .elementor-element.elementor-element-cfd7012 .rform-button-submit:hover{border-style:solid;border-width:1px 1px 1px 1px;border-color:var( --e-global-color-195bbd0 );}@media(max-width:1024px){.elementor-400 .elementor-element.elementor-element-5a9a544{--padding-top:1em;--padding-bottom:0em;--padding-left:0em;--padding-right:0em;}.elementor-400 .elementor-element.elementor-element-a674f9b .rform-input{font-size:var( --e-global-typography-text-font-size );line-height:var( --e-global-typography-text-line-height );}.elementor-400 .elementor-element.elementor-element-a674f9b .rform-input::placeholder{font-size:var( --e-global-typography-text-font-size );line-height:var( --e-global-typography-text-line-height );}.elementor-400 .elementor-element.elementor-element-a674f9b .rform-error{font-size:var( --e-global-typography-08d9d00-font-size );line-height:var( --e-global-typography-08d9d00-line-height );letter-spacing:var( --e-global-typography-08d9d00-letter-spacing );word-spacing:var( --e-global-typography-08d9d00-word-spacing );}.elementor-400 .elementor-element.elementor-element-848a0ce .rform-input{font-size:var( --e-global-typography-text-font-size );line-height:var( --e-global-typography-text-line-height );}.elementor-400 .elementor-element.elementor-element-848a0ce .rform-input::placeholder{font-size:var( --e-global-typography-text-font-size );line-height:var( --e-global-typography-text-line-height );}.elementor-400 .elementor-element.elementor-element-848a0ce .rform-error{font-size:var( --e-global-typography-08d9d00-font-size );line-height:var( --e-global-typography-08d9d00-line-height );letter-spacing:var( --e-global-typography-08d9d00-letter-spacing );word-spacing:var( --e-global-typography-08d9d00-word-spacing );}.elementor-400 .elementor-element.elementor-element-cfd7012 .rform-button-submit{font-size:var( --e-global-typography-accent-font-size );line-height:var( --e-global-typography-accent-line-height );}}@media(max-width:767px){.elementor-400 .elementor-element.elementor-element-5a9a544{--padding-top:1em;--padding-bottom:0em;--padding-left:0em;--padding-right:0em;}.elementor-400 .elementor-element.elementor-element-a674f9b .rform-input{font-size:var( --e-global-typography-text-font-size );line-height:var( --e-global-typography-text-line-height );}.elementor-400 .elementor-element.elementor-element-a674f9b .rform-input::placeholder{font-size:var( --e-global-typography-text-font-size );line-height:var( --e-global-typography-text-line-height );}.elementor-400 .elementor-element.elementor-element-a674f9b .rform-error{font-size:var( --e-global-typography-08d9d00-font-size );line-height:var( --e-global-typography-08d9d00-line-height );letter-spacing:var( --e-global-typography-08d9d00-letter-spacing );word-spacing:var( --e-global-typography-08d9d00-word-spacing );}.elementor-400 .elementor-element.elementor-element-848a0ce .rform-input{font-size:var( --e-global-typography-text-font-size );line-height:var( --e-global-typography-text-line-height );}.elementor-400 .elementor-element.elementor-element-848a0ce .rform-input::placeholder{font-size:var( --e-global-typography-text-font-size );line-height:var( --e-global-typography-text-line-height );}.elementor-400 .elementor-element.elementor-element-848a0ce .rform-error{font-size:var( --e-global-typography-08d9d00-font-size );line-height:var( --e-global-typography-08d9d00-line-height );letter-spacing:var( --e-global-typography-08d9d00-letter-spacing );word-spacing:var( --e-global-typography-08d9d00-word-spacing );}.elementor-400 .elementor-element.elementor-element-cfd7012 .rform-button-submit{font-size:var( --e-global-typography-accent-font-size );line-height:var( --e-global-typography-accent-line-height );}}<\/style>\t\t<div data-elementor-type=\"wp-post\" data-elementor-id=\"400\" class=\"elementor elementor-400\">\n\t\t\t\t<div class=\"elementor-element elementor-element-5a9a544 e-flex e-con-boxed e-con e-parent\" data-id=\"5a9a544\" data-element_type=\"container\" data-e-type=\"container\" data-settings=\"{&quot;background_background&quot;:&quot;classic&quot;}\">\n\t\t\t\t\t<div class=\"e-con-inner\">\n\t\t<div class=\"elementor-element elementor-element-7599dcc e-con-full e-flex e-con e-child\" data-id=\"7599dcc\" data-element_type=\"container\" data-e-type=\"container\">\n\t\t<div class=\"elementor-element elementor-element-0e24284 e-con-full e-flex e-con e-child\" data-id=\"0e24284\" data-element_type=\"container\" data-e-type=\"container\">\n\t\t\t\t<div class=\"elementor-element elementor-element-a674f9b elementor-widget elementor-widget-text\" data-id=\"a674f9b\" data-element_type=\"widget\" data-e-type=\"widget\" data-widget_type=\"text.default\">\n\t\t\t\t<div class=\"elementor-widget-container\">\n\t\t\t\t\t        <div class=\"rform-container\">\r\n            <div class=\"rform-control \">\r\n                                <input name=\"rform-text\" placeholder=\"Ihr Name und Nachname\" class=\"rform-input\" id=\"rform-input-text-174542747\" type=\"text\" onblur=\"validate_input( 'rform-input-text-' , 'rform-input-err-' ,'174542747')\" aria-invalid=false data-val=\"by_char\"   required>\r\n            <\/div>\r\n            <span role=\"alert\" class=\"rform-error\" id=\"rform-input-err-174542747\">Bu alan zorunludur.<\/span>\r\n            <div class=\"rform-help-text\">\r\n                <span><\/span>\r\n            <\/div>\r\n        <\/div>\r\n\t\t\t\t<\/div>\n\t\t\t\t<\/div>\n\t\t\t\t<\/div>\n\t\t<div class=\"elementor-element elementor-element-12f4a37 e-con-full e-flex e-con e-child\" data-id=\"12f4a37\" data-element_type=\"container\" data-e-type=\"container\">\n\t\t\t\t<div class=\"elementor-element elementor-element-b8ce201 elementor-widget elementor-widget-rform_phone\" data-id=\"b8ce201\" data-element_type=\"widget\" data-e-type=\"widget\" data-widget_type=\"rform_phone.default\">\n\t\t\t\t<div class=\"elementor-widget-container\">\n\t\t\t\t\t        <div class=\"rform-container\">\r\n            <div class=\"rform-control \">\r\n                                <input data-default-countries=\"TR\" name=\"rform-phone\" placeholder=\"Ihre Telefonnummer\" class=\"rform-input-tel\" id=\"rform-input-tel-193782273\" type=\"tel\" onblur=\"validate_input( 'rform-input-tel-' , 'rform-input-err-' ,'193782273')\" aria-invalid=false required oninput=\"this.value = this.value.replace(\/[^0-9.]\/g, '').replace(\/(\\..*?)\\..*\/g, '$1');\">\r\n            <\/div>\r\n            <span role=\"alert\" class=\"rform-error\" id=\"rform-input-err-193782273\">Bu alan zorunludur.<\/span>\r\n            <div class=\"rform-help-text\">\r\n                <span><\/span>\r\n            <\/div>\r\n        <\/div>\r\n\t\t\t\t<\/div>\n\t\t\t\t<\/div>\n\t\t\t\t<\/div>\n\t\t\t\t<\/div>\n\t\t<div class=\"elementor-element elementor-element-5ab8c3e e-con-full e-flex e-con e-child\" data-id=\"5ab8c3e\" data-element_type=\"container\" data-e-type=\"container\">\n\t\t<div class=\"elementor-element elementor-element-af068a9 e-con-full e-flex e-con e-child\" data-id=\"af068a9\" data-element_type=\"container\" data-e-type=\"container\">\n\t\t\t\t<div class=\"elementor-element elementor-element-848a0ce elementor-widget elementor-widget-email\" data-id=\"848a0ce\" data-element_type=\"widget\" data-e-type=\"widget\" data-widget_type=\"email.default\">\n\t\t\t\t<div class=\"elementor-widget-container\">\n\t\t\t\t\t        <div class=\"rform-container\">\r\n            <div class=\"rform-control \">\r\n                                <input name=\"rform-email\" placeholder=\"E-Mail Adresse\" class=\"rform-input\" id=\"rform-input-email-138977486\" type=\"email\" onblur=\"validate_input( 'rform-input-email-' , 'rform-input-err-' ,'138977486')\" aria-invalid=false data-val=\"by_char\"   required>\r\n            <\/div>\r\n            <span role=\"alert\" class=\"rform-error\" id=\"rform-input-err-138977486\">Bu alan zorunludur.<\/span>\r\n            <div class=\"rform-help-text\">\r\n                <span><\/span>\r\n            <\/div>\r\n        <\/div>\r\n\t\t\t\t<\/div>\n\t\t\t\t<\/div>\n\t\t\t\t<\/div>\n\t\t<div class=\"elementor-element elementor-element-47de52d e-con-full e-flex e-con e-child\" data-id=\"47de52d\" data-element_type=\"container\" data-e-type=\"container\">\n\t\t\t\t<div class=\"elementor-element elementor-element-1ff0ebb elementor-widget elementor-widget-text\" data-id=\"1ff0ebb\" data-element_type=\"widget\" data-e-type=\"widget\" data-widget_type=\"text.default\">\n\t\t\t\t<div class=\"elementor-widget-container\">\n\t\t\t\t\t        <div class=\"rform-container\">\r\n            <div class=\"rform-control \">\r\n                                <input name=\"rform-text\" placeholder=\"Bevorzugte Behandlung\" class=\"rform-input\" id=\"rform-input-text-33492667\" type=\"text\" onblur=\"validate_input( 'rform-input-text-' , 'rform-input-err-' ,'33492667')\" aria-invalid=false data-val=\"by_char\"   required>\r\n            <\/div>\r\n            <span role=\"alert\" class=\"rform-error\" id=\"rform-input-err-33492667\">Bu alan zorunludur.<\/span>\r\n            <div class=\"rform-help-text\">\r\n                <span><\/span>\r\n            <\/div>\r\n        <\/div>\r\n\t\t\t\t<\/div>\n\t\t\t\t<\/div>\n\t\t\t\t<\/div>\n\t\t\t\t<\/div>\n\t\t\t\t<div class=\"elementor-element elementor-element-cfd7012 elementor-widget elementor-widget-rform_button_submit\" data-id=\"cfd7012\" data-element_type=\"widget\" data-e-type=\"widget\" data-widget_type=\"rform_button_submit.default\">\n\t\t\t\t<div class=\"elementor-widget-container\">\n\t\t\t\t\t        <div class=\"rform-button-container\">\r\n            <button class=\"rform-button-submit rform-btn-fullwidth\" type=\"button\" id=\"rform-button-submit\">\r\n                                Senden Sie                                <div class=\"loading\">\r\n                    <div id=\"loading\"><\/div>\r\n                <\/div>\r\n            <\/button>\r\n        <\/div>\r\n\r\n\r\n\t\t\t\t<\/div>\n\t\t\t\t<\/div>\n\t\t\t\t\t<\/div>\n\t\t\t\t<\/div>\n\t\t\t\t<\/div>\n\t\t            <\/form>\r\n            \t\t\t\t<\/div>\n\t\t\t\t<\/div>\n\t\t\t\t<\/div>\n\t\t\t\t<\/div>\n\t\t\t\t<\/div>\n\t\t\t\t\t<\/div>\n\t\t\t\t<\/div>\n\t\t\t\t<\/div>\n\t\t","protected":false},"excerpt":{"rendered":"<p>Vermittelte Dienstleistungen EMAesthetic ist ein Unternehmen, das in Zusammenarbeit mit vertraglich gebundenen Gesundheitseinrichtungen umfassende Patientenberatungsdienste anbietet, um auf die Bed\u00fcrfnisse des Einzelnen im Bereich der Gesundheit einzugehen. Unser Hauptziel ist es, die Gesundheitsprozesse der Patienten zu erleichtern und sicherzustellen, dass sie den besten Service in den von ihnen ben\u00f6tigten Fachbereichen erhalten. Als EMAesthetic bieten wir [&hellip;]<\/p>\n","protected":false},"author":1,"featured_media":0,"parent":0,"menu_order":0,"comment_status":"closed","ping_status":"closed","template":"elementor_header_footer","meta":{"footnotes":""},"class_list":["post-412","page","type-page","status-publish","hentry"],"_links":{"self":[{"href":"https:\/\/emaesthetic.tr\/de\/wp-json\/wp\/v2\/pages\/412","targetHints":{"allow":["GET"]}}],"collection":[{"href":"https:\/\/emaesthetic.tr\/de\/wp-json\/wp\/v2\/pages"}],"about":[{"href":"https:\/\/emaesthetic.tr\/de\/wp-json\/wp\/v2\/types\/page"}],"author":[{"embeddable":true,"href":"https:\/\/emaesthetic.tr\/de\/wp-json\/wp\/v2\/users\/1"}],"replies":[{"embeddable":true,"href":"https:\/\/emaesthetic.tr\/de\/wp-json\/wp\/v2\/comments?post=412"}],"version-history":[{"count":11,"href":"https:\/\/emaesthetic.tr\/de\/wp-json\/wp\/v2\/pages\/412\/revisions"}],"predecessor-version":[{"id":497,"href":"https:\/\/emaesthetic.tr\/de\/wp-json\/wp\/v2\/pages\/412\/revisions\/497"}],"wp:attachment":[{"href":"https:\/\/emaesthetic.tr\/de\/wp-json\/wp\/v2\/media?parent=412"}],"curies":[{"name":"wp","href":"https:\/\/api.w.org\/{rel}","templated":true}]}}